{"id":797,"date":"2021-05-30T20:04:23","date_gmt":"2021-05-30T17:04:23","guid":{"rendered":"http:\/\/www.nezihbagci.com\/V2\/?page_id=797"},"modified":"2022-02-03T17:23:29","modified_gmt":"2022-02-03T14:23:29","slug":"hizmetler","status":"publish","type":"page","link":"https:\/\/www.nezihbagci.com\/V2\/hizmetler\/","title":{"rendered":"Hizmetler"},"content":{"rendered":"<p>[vc_row gap=&#8221;25&#8243; equal_height=&#8221;yes&#8221; css=&#8221;.vc_custom_1620901571164{margin-bottom: 30px !important;}&#8221;][vc_column width=&#8221;1\/3&#8243; css=&#8221;.vc_custom_1620901409118{border-top-width: 1px !important;border-right-width: 1px !important;border-bottom-width: 1px !important;border-left-width: 1px !important;border-left-color: #eeeeee !important;border-left-style: solid !important;border-right-color: #eeeeee !important;border-right-style: solid !important;border-top-color: #eeeeee !important;border-top-style: solid !important;border-bottom-color: #eeeeee !important;border-bottom-style: solid !important;border-radius: 5px !important;}&#8221;][vc_single_image image=&#8221;809&#8243; img_size=&#8221;full&#8221;][vc_column_text]<\/p>\n<h5 style=\"text-align: center;\"><strong>PERDE D\u0130K\u0130\u015e\u0130<\/strong><\/h5>\n<p>[\/vc_column_text][\/vc_column][vc_column width=&#8221;1\/3&#8243; css=&#8221;.vc_custom_1620901417939{border-top-width: 1px !important;border-right-width: 1px !important;border-bottom-width: 1px !important;border-left-width: 1px !important;border-left-color: #eeeeee !important;border-left-style: solid !important;border-right-color: #eeeeee !important;border-right-style: solid !important;border-top-color: #eeeeee !important;border-top-style: solid !important;border-bottom-color: #eeeeee !important;border-bottom-style: solid !important;border-radius: 5px !important;}&#8221;][vc_single_image image=&#8221;808&#8243; img_size=&#8221;full&#8221;][vc_column_text]<\/p>\n<h5 style=\"text-align: center;\"><strong>PERDE MONTAJI<\/strong><\/h5>\n<p>[\/vc_column_text][\/vc_column][vc_column width=&#8221;1\/3&#8243; css=&#8221;.vc_custom_1620901433390{border-top-width: 1px !important;border-right-width: 1px !important;border-bottom-width: 1px !important;border-left-width: 1px !important;border-left-color: #eeeeee !important;border-left-style: solid !important;border-right-color: #eeeeee !important;border-right-style: solid !important;border-top-color: #eeeeee !important;border-top-style: solid !important;border-bottom-color: #eeeeee !important;border-bottom-style: solid !important;border-radius: 5px !important;}&#8221;][vc_single_image image=&#8221;832&#8243; img_size=&#8221;307&#215;192&#8243;][vc_column_text]<\/p>\n<h5 style=\"text-align: center;\"><strong>PERDE RAY MONTAJI<\/strong><\/h5>\n<p>[\/vc_column_text][\/vc_column][\/vc_row][vc_row gap=&#8221;25&#8243; equal_height=&#8221;yes&#8221; css=&#8221;.vc_custom_1620901571164{margin-bottom: 30px !important;}&#8221;][vc_column width=&#8221;1\/3&#8243; css=&#8221;.vc_custom_1620901409118{border-top-width: 1px !important;border-right-width: 1px !important;border-bottom-width: 1px !important;border-left-width: 1px !important;border-left-color: #eeeeee !important;border-left-style: solid !important;border-right-color: #eeeeee !important;border-right-style: solid !important;border-top-color: #eeeeee !important;border-top-style: solid !important;border-bottom-color: #eeeeee !important;border-bottom-style: solid !important;border-radius: 5px !important;}&#8221;][vc_single_image image=&#8221;831&#8243; img_size=&#8221;full&#8221;][vc_column_text]<\/p>\n<h5 style=\"text-align: center;\"><b>AKILLI EV S\u0130STEM\u0130NE UYGUN MOTORLU S\u0130STEM KURLUMU<\/b><\/h5>\n<p>[\/vc_column_text][\/vc_column][vc_column width=&#8221;1\/3&#8243; css=&#8221;.vc_custom_1620901417939{border-top-width: 1px !important;border-right-width: 1px !important;border-bottom-width: 1px !important;border-left-width: 1px !important;border-left-color: #eeeeee !important;border-left-style: solid !important;border-right-color: #eeeeee !important;border-right-style: solid !important;border-top-color: #eeeeee !important;border-top-style: solid !important;border-bottom-color: #eeeeee !important;border-bottom-style: solid !important;border-radius: 5px !important;}&#8221;][vc_single_image image=&#8221;805&#8243; img_size=&#8221;full&#8221;][vc_column_text]<\/p>\n<h5 style=\"text-align: center;\"><b>TAVAN PERDE S\u0130STEM\u0130<\/b><\/h5>\n<p>[\/vc_column_text][\/vc_column][vc_column width=&#8221;1\/3&#8243; css=&#8221;.vc_custom_1620901433390{border-top-width: 1px !important;border-right-width: 1px !important;border-bottom-width: 1px !important;border-left-width: 1px !important;border-left-color: #eeeeee !important;border-left-style: solid !important;border-right-color: #eeeeee !important;border-right-style: solid !important;border-top-color: #eeeeee !important;border-top-style: solid !important;border-bottom-color: #eeeeee !important;border-bottom-style: solid !important;border-radius: 5px !important;}&#8221;][vc_single_image image=&#8221;836&#8243; img_size=&#8221;307X192&#8243;][vc_column_text]<\/p>\n<h5 style=\"text-align: center;\"><b>PERDE TEM\u0130ZLEME SERV\u0130S\u0130<\/b><\/h5>\n<p>[\/vc_column_text][\/vc_column][\/vc_row][vc_row gap=&#8221;25&#8243; equal_height=&#8221;yes&#8221; css=&#8221;.vc_custom_1620901571164{margin-bottom: 30px !important;}&#8221;][vc_column width=&#8221;1\/3&#8243; css=&#8221;.vc_custom_1620901409118{border-top-width: 1px !important;border-right-width: 1px !important;border-bottom-width: 1px !important;border-left-width: 1px !important;border-left-color: #eeeeee !important;border-left-style: solid !important;border-right-color: #eeeeee !important;border-right-style: solid !important;border-top-color: #eeeeee !important;border-top-style: solid !important;border-bottom-color: #eeeeee !important;border-bottom-style: solid !important;border-radius: 5px !important;}&#8221;][vc_single_image image=&#8221;804&#8243; img_size=&#8221;full&#8221;][vc_column_text]<\/p>\n<h5 style=\"text-align: center;\"><strong>SATI\u015e SONRASI SERV\u0130S<\/strong><\/h5>\n<p>[\/vc_column_text][\/vc_column][vc_column width=&#8221;1\/3&#8243; css=&#8221;.vc_custom_1620901417939{border-top-width: 1px !important;border-right-width: 1px !important;border-bottom-width: 1px !important;border-left-width: 1px !important;border-left-color: #eeeeee !important;border-left-style: solid !important;border-right-color: #eeeeee !important;border-right-style: solid !important;border-top-color: #eeeeee !important;border-top-style: solid !important;border-bottom-color: #eeeeee !important;border-bottom-style: solid !important;border-radius: 5px !important;}&#8221;][vc_single_image image=&#8221;800&#8243; img_size=&#8221;full&#8221;][vc_column_text]<\/p>\n<h5 style=\"text-align: center;\"><b>KOLTUK D\u00d6\u015eEMEC\u0130S\u0130 TEM\u0130N\u0130<\/b><\/h5>\n<p>[\/vc_column_text][\/vc_column][vc_column width=&#8221;1\/3&#8243; css=&#8221;.vc_custom_1620901433390{border-top-width: 1px !important;border-right-width: 1px !important;border-bottom-width: 1px !important;border-left-width: 1px !important;border-left-color: #eeeeee !important;border-left-style: solid !important;border-right-color: #eeeeee !important;border-right-style: solid !important;border-top-color: #eeeeee !important;border-top-style: solid !important;border-bottom-color: #eeeeee !important;border-bottom-style: solid !important;border-radius: 5px !important;}&#8221;][vc_single_image image=&#8221;839&#8243; img_size=&#8221;full&#8221;][vc_column_text]<\/p>\n<h5 style=\"text-align: center;\"><strong>HALI USTASI TEM\u0130N\u0130<\/strong><\/h5>\n<p>[\/vc_column_text][\/vc_column][\/vc_row][vc_row gap=&#8221;25&#8243; equal_height=&#8221;yes&#8221; css=&#8221;.vc_custom_1620901571164{margin-bottom: 30px !important;}&#8221;][vc_column width=&#8221;1\/3&#8243; css=&#8221;.vc_custom_1620901409118{border-top-width: 1px !important;border-right-width: 1px !important;border-bottom-width: 1px !important;border-left-width: 1px !important;border-left-color: #eeeeee !important;border-left-style: solid !important;border-right-color: #eeeeee !important;border-right-style: solid !important;border-top-color: #eeeeee !important;border-top-style: solid !important;border-bottom-color: #eeeeee !important;border-bottom-style: solid !important;border-radius: 5px !important;}&#8221;][vc_single_image image=&#8221;803&#8243; img_size=&#8221;full&#8221;][vc_column_text]<\/p>\n<h5 style=\"text-align: center;\"><b>SOMFY MOTORLU S\u0130STEMLER \u0130\u00c7\u0130N SATI\u015e SONRASI YETK\u0130L\u0130 SERV\u0130S\u0130<\/b><\/h5>\n<p>[\/vc_column_text][\/vc_column][vc_column width=&#8221;1\/3&#8243; css=&#8221;.vc_custom_1620901417939{border-top-width: 1px !important;border-right-width: 1px !important;border-bottom-width: 1px !important;border-left-width: 1px !important;border-left-color: #eeeeee !important;border-left-style: solid !important;border-right-color: #eeeeee !important;border-right-style: solid !important;border-top-color: #eeeeee !important;border-top-style: solid !important;border-bottom-color: #eeeeee !important;border-bottom-style: solid !important;border-radius: 5px !important;}&#8221;][vc_single_image image=&#8221;838&#8243; img_size=&#8221;full&#8221;][vc_column_text]<\/p>\n<h5 style=\"text-align: center;\"><b>DUVAR KA\u011eIDI USTASI TEM\u0130N\u0130<\/b><\/h5>\n<p>[\/vc_column_text][\/vc_column][vc_column width=&#8221;1\/3&#8243; css=&#8221;.vc_custom_1620901433390{border-top-width: 1px !important;border-right-width: 1px !important;border-bottom-width: 1px !important;border-left-width: 1px !important;border-left-color: #eeeeee !important;border-left-style: solid !important;border-right-color: #eeeeee !important;border-right-style: solid !important;border-top-color: #eeeeee !important;border-top-style: solid !important;border-bottom-color: #eeeeee !important;border-bottom-style: solid !important;border-radius: 5px !important;}&#8221;][vc_single_image image=&#8221;309&#8243; img_size=&#8221;full&#8221;][vc_column_text]<\/p>\n<h5 style=\"text-align: center;\"><b>PERDE TASARIMI<\/b><\/h5>\n<p>[\/vc_column_text][\/vc_column][\/vc_row]<\/p>\n","protected":false},"excerpt":{"rendered":"<p>[vc_row gap=&#8221;25&#8243; equal_height=&#8221;yes&#8221; css=&#8221;.vc_custom_1620901571164{margin-bottom: 30px !important;}&#8221;][vc_column width=&#8221;1\/3&#8243; css=&#8221;.vc_custom_1620901409118{border-top-width: 1px !important;border-right-width: 1px !important;border-bottom-width: 1px !important;border-left-width: 1px !important;border-left-color: #eeeeee !important;border-left-style: solid !important;border-right-color: #eeeeee !important;border-right-style: solid !important;border-top-color: #eeeeee !important;border-top-style:<span class=\"excerpt-hellip\"> [\u2026]<\/span><\/p>\n","protected":false},"author":1,"featured_media":0,"parent":0,"menu_order":0,"comment_status":"closed","ping_status":"closed","template":"","meta":[],"_links":{"self":[{"href":"https:\/\/www.nezihbagci.com\/V2\/wp-json\/wp\/v2\/pages\/797"}],"collection":[{"href":"https:\/\/www.nezihbagci.com\/V2\/wp-json\/wp\/v2\/pages"}],"about":[{"href":"https:\/\/www.nezihbagci.com\/V2\/wp-json\/wp\/v2\/types\/page"}],"author":[{"embeddable":true,"href":"https:\/\/www.nezihbagci.com\/V2\/wp-json\/wp\/v2\/users\/1"}],"replies":[{"embeddable":true,"href":"https:\/\/www.nezihbagci.com\/V2\/wp-json\/wp\/v2\/comments?post=797"}],"version-history":[{"count":11,"href":"https:\/\/www.nezihbagci.com\/V2\/wp-json\/wp\/v2\/pages\/797\/revisions"}],"predecessor-version":[{"id":813,"href":"https:\/\/www.nezihbagci.com\/V2\/wp-json\/wp\/v2\/pages\/797\/revisions\/813"}],"wp:attachment":[{"href":"https:\/\/www.nezihbagci.com\/V2\/wp-json\/wp\/v2\/media?parent=797"}],"curies":[{"name":"wp","href":"https:\/\/api.w.org\/{rel}","templated":true}]}}