{"id":324,"date":"2020-12-23T02:58:16","date_gmt":"2020-12-22T23:58:16","guid":{"rendered":"http:\/\/www.nezihbagci.com\/V2\/?page_id=324"},"modified":"2021-10-18T10:34:18","modified_gmt":"2021-10-18T07:34:18","slug":"duvar-kagidi","status":"publish","type":"page","link":"https:\/\/www.nezihbagci.com\/V2\/koleksiyon\/duvar-kagidi\/","title":{"rendered":"Duvar Ka\u011f\u0131d\u0131"},"content":{"rendered":"","protected":false},"excerpt":{"rendered":"","protected":false},"author":1,"featured_media":0,"parent":13,"menu_order":0,"comment_status":"closed","ping_status":"closed","template":"","meta":[],"_links":{"self":[{"href":"https:\/\/www.nezihbagci.com\/V2\/wp-json\/wp\/v2\/pages\/324"}],"collection":[{"href":"https:\/\/www.nezihbagci.com\/V2\/wp-json\/wp\/v2\/pages"}],"about":[{"href":"https:\/\/www.nezihbagci.com\/V2\/wp-json\/wp\/v2\/types\/page"}],"author":[{"embeddable":true,"href":"https:\/\/www.nezihbagci.com\/V2\/wp-json\/wp\/v2\/users\/1"}],"replies":[{"embeddable":true,"href":"https:\/\/www.nezihbagci.com\/V2\/wp-json\/wp\/v2\/comments?post=324"}],"version-history":[{"count":2,"href":"https:\/\/www.nezihbagci.com\/V2\/wp-json\/wp\/v2\/pages\/324\/revisions"}],"predecessor-version":[{"id":1018,"href":"https:\/\/www.nezihbagci.com\/V2\/wp-json\/wp\/v2\/pages\/324\/revisions\/1018"}],"up":[{"embeddable":true,"href":"https:\/\/www.nezihbagci.com\/V2\/wp-json\/wp\/v2\/pages\/13"}],"wp:attachment":[{"href":"https:\/\/www.nezihbagci.com\/V2\/wp-json\/wp\/v2\/media?parent=324"}],"curies":[{"name":"wp","href":"https:\/\/api.w.org\/{rel}","templated":true}]}}